{"id":52863,"date":"2025-07-29T06:34:45","date_gmt":"2025-07-29T03:34:45","guid":{"rendered":"https:\/\/ehabgroup.com\/?post_type=product&#038;p=52863"},"modified":"2026-05-10T03:14:40","modified_gmt":"2026-05-10T00:14:40","slug":"%d9%87%d9%88%d9%86%d9%88%d8%b1-400-5g-%d8%b1%d8%a7%d9%85%d8%a7%d8%aa-12-%d8%ac%d9%8a%d8%ac%d8%a7-%d9%85%d8%b3%d8%a7%d8%ad%d8%a9-256-%d8%a8%d8%a7%d9%84%d9%84%d9%88%d9%86-%d8%a7%d9%84%d8%a7%d8%b3%d9%88","status":"publish","type":"product","link":"https:\/\/ehabgroup.com\/ar\/shop\/%d9%87%d9%88%d9%86%d9%88%d8%b1-400-5g-%d8%b1%d8%a7%d9%85%d8%a7%d8%aa-12-%d8%ac%d9%8a%d8%ac%d8%a7-%d9%85%d8%b3%d8%a7%d8%ad%d8%a9-256-%d8%a8%d8%a7%d9%84%d9%84%d9%88%d9%86-%d8%a7%d9%84%d8%a7%d8%b3%d9%88\/","title":{"rendered":"\u0647\u0648\u0646\u0631 400 5G \u0645\u0633\u0627\u062d\u0629 256 \u062c\u064a\u062c\u0627 \u0631\u0627\u0645 12 \u062c\u064a\u062c\u0627 \u0644\u0648\u0646 \u0623\u0633\u0648\u062f + \u0647\u062f\u064a\u0629 \u0633\u0627\u0639\u0629 Oraimo 6N"},"content":{"rendered":"<hr class=\"bg-subtle h-px border-0\" \/>\n<h3 class=\"mb-2 mt-4 [.has-inline-images_&amp;]:clear-end font-sans visRefresh2026AnswerSerif:font-editorial font-semimedium visRefresh2026Fonts:font-bold text-base visRefresh2026Fonts:text-lg first:mt-0 md:text-lg [hr+&amp;]:mt-4\" style=\"text-align: center\"><strong>\u0647\u0648\u0646\u0631 400 5G 12 \u062c\u064a\u062c\u0627 \u0631\u0627\u0645 256 \u062c\u064a\u062c\u0627 &#8211; \u0623\u0633\u0648\u062f \u0645\u0646\u062a\u0635\u0641 \u0627\u0644\u0644\u064a\u0644<\/strong><\/h3>\n<p><img fetchpriority=\"high\" decoding=\"async\" class=\"aligncenter\" src=\"https:\/\/2b.com.eg\/media\/catalog\/product\/cache\/d33f1c152d6eb7e8608a208d80f21a14\/h\/o\/honor-400-balck3jpg_1.jpg\" alt=\"\u0647\u0648\u0646\u0631 400 - \u0631\u0627\u0645\u0627\u062a 12 \u062c\u064a\u062c\u0627 - 256 \u062c\u064a\u062c\u0627 \u0628\u0627\u064a\u062a - \u0623\u0633\u0648\u062f\" width=\"615\" height=\"615\" \/><\/p>\n<h3 class=\"mb-2 mt-4 [.has-inline-images_&amp;]:clear-end font-sans visRefresh2026AnswerSerif:font-editorial font-semimedium visRefresh2026Fonts:font-bold text-base first:mt-0\"><strong>\u0647\u0648\u0646\u0631 400 5G 12 \u062c\u064a\u062c\u0627 \u0631\u0627\u0645 256 \u062c\u064a\u062c\u0627 &#8211; \u0623\u0633\u0648\u062f \u0645\u0646\u062a\u0635\u0641 \u0627\u0644\u0644\u064a\u0644<\/strong>: \u0627\u0644\u0645\u0645\u064a\u0632\u0627\u062a \u0627\u0644\u0623\u0633\u0627\u0633\u064a\u0629<\/h3>\n<p class=\"my-2 [&amp;+p]:mt-4 [&amp;_strong:has(+br)]:inline-block [&amp;_strong:has(+br)]:pb-2\"><strong>\u0647\u0648\u0646\u0631 400 5G 12 \u062c\u064a\u062c\u0627 \u0631\u0627\u0645 256 \u062c\u064a\u062c\u0627 &#8211; \u0623\u0633\u0648\u062f \u0645\u0646\u062a\u0635\u0641 \u0627\u0644\u0644\u064a\u0644<\/strong>\u00a0\u0628\u0645\u0639\u0627\u0644\u062c Snapdragon 7 Gen 3 (1\u00d72.63GHz A715 + 3\u00d72.4GHz A715 + 4\u00d71.8GHz A510) \u0645\u0639 Adreno 720 \u0644\u0644\u0623\u0644\u0639\u0627\u0628 \u0627\u0644\u0633\u0644\u0633\u0629 \u0639\u0644\u0649 \u0634\u0627\u0634\u0629 AMOLED 6.55 \u0625\u0646\u0634 (1264\u00d72736\u060c 120Hz\u060c 5000 \u0646\u064a\u062a\u060c \u062d\u0645\u0627\u064a\u0629 Mohs 4). \u0643\u0627\u0645\u064a\u0631\u0627 \u062b\u0646\u0627\u0626\u064a\u0629 200 \u0645\u064a\u062c\u0627 \u0631\u0626\u064a\u0633\u064a\u0629 (1\/1.4&#8243;\u060c OIS) + 12 \u0645\u064a\u062c\u0627 \u0648\u0627\u0633\u0639\u0629 \u0645\u0639 IP65\/IP66 \u0645\u0642\u0627\u0648\u0645\u0629 \u063a\u0628\u0627\u0631\/\u0631\u0630\u0627\u0630. \u0634\u062d\u0646 66\/80 \u0648\u0627\u0637 44%\/40% \u0641\u064a 15 \u062f\u0642\u064a\u0642\u0629.<span class=\"inline-flex\" aria-label=\"Honor 400 - Full phone specifications\" data-state=\"closed\">\u200b<\/span><\/p>\n<h3 class=\"mb-2 mt-4 [.has-inline-images_&amp;]:clear-end font-sans visRefresh2026AnswerSerif:font-editorial font-semimedium visRefresh2026Fonts:font-bold text-base first:mt-0\">\u0641\u064a \u0645\u0627\u0630\u0627 \u064a\u0633\u062a\u062e\u062f\u0645\u00a0<strong>\u0647\u0648\u0646\u0631 400 5G 12 \u062c\u064a\u062c\u0627 \u0631\u0627\u0645 256 \u062c\u064a\u062c\u0627 &#8211; \u0623\u0633\u0648\u062f \u0645\u0646\u062a\u0635\u0641 \u0627\u0644\u0644\u064a\u0644<\/strong>\u061f<\/h3>\n<p class=\"my-2 [&amp;+p]:mt-4 [&amp;_strong:has(+br)]:inline-block [&amp;_strong:has(+br)]:pb-2\"><strong>\u0647\u0648\u0646\u0631 400 5G 12 \u062c\u064a\u062c\u0627 \u0631\u0627\u0645 256 \u062c\u064a\u062c\u0627 &#8211; \u0623\u0633\u0648\u062f \u0645\u0646\u062a\u0635\u0641 \u0627\u0644\u0644\u064a\u0644<\/strong>\u00a0\u0644\u062a\u0635\u0648\u064a\u0631 \u0645\u0646\u062a\u062c\u0627\u062a 200 \u0645\u064a\u062c\u0627 \u0628\u0630\u0643\u0627\u0621 \u0627\u0644\u0645\u0634\u0627\u0647\u062f. \u0645\u0628\u062f\u0639\u0648 \u0627\u0644\u0645\u062d\u062a\u0648\u0649 \u0641\u064a\u062f\u064a\u0648 4K \u0645\u0628\u0627\u0634\u0631\u0629 \u0644\u0640256 \u062c\u064a\u062c\u0627. \u0627\u0644\u0644\u0627\u0639\u0628\u0648\u0646 PUBG \u0625\u0639\u062f\u0627\u062f\u0627\u062a \u0639\u0627\u0644\u064a\u0629. \u0627\u0644\u0645\u062d\u062a\u0631\u0641\u0648\u0646 IR \u0648\u0628\u0631\u0648\u0643\u0633\u064a\u0645\u064a\u062a\u064a \u0641\u0648\u0642 \u0635\u0648\u062a\u064a. \u0627\u0644\u0645\u0648\u0638\u0641\u0648\u0646 5G \u0641\u064a \u0632\u062d\u0645\u0629 \u0627\u0644\u0642\u0627\u0647\u0631\u0629.<\/p>\n<h3 class=\"mb-2 mt-4 [.has-inline-images_&amp;]:clear-end font-sans visRefresh2026AnswerSerif:font-editorial font-semimedium visRefresh2026Fonts:font-bold text-base first:mt-0\"><strong>\u0647\u0648\u0646\u0631 400 5G 12 \u062c\u064a\u062c\u0627 \u0631\u0627\u0645 256 \u062c\u064a\u062c\u0627 &#8211; \u0623\u0633\u0648\u062f \u0645\u0646\u062a\u0635\u0641 \u0627\u0644\u0644\u064a\u0644<\/strong>: \u0627\u0644\u0623\u0633\u0626\u0644\u0629 \u0627\u0644\u0634\u0627\u0626\u0639\u0629<\/h3>\n<p class=\"my-2 [&amp;+p]:mt-4 [&amp;_strong:has(+br)]:inline-block [&amp;_strong:has(+br)]:pb-2\"><strong>\u0633: \u062d\u062c\u0645 \u062d\u0633\u0627\u0633 \u0627\u0644\u0643\u0627\u0645\u064a\u0631\u0627 \u0627\u0644\u0631\u0626\u064a\u0633\u064a\u0629\u061f<\/strong><br \/>\n\u062c: 200 \u0645\u064a\u062c\u0627 1\/1.4&#8243; \u0645\u0639 PDAF \u0648 OIS.<span class=\"inline-flex\" aria-label=\"Honor 400 - Full phone specifications\" data-state=\"closed\">\u200b<\/span><\/p>\n<p class=\"my-2 [&amp;+p]:mt-4 [&amp;_strong:has(+br)]:inline-block [&amp;_strong:has(+br)]:pb-2\"><strong>\u0633: \u0623\u062f\u0627\u0621 \u0633\u0631\u0639\u0629 \u0627\u0644\u0634\u062d\u0646\u061f<\/strong><br \/>\n\u062c: 66 \u0648\u0627\u0637 (5300 \u0645\u0644\u0644\u064a): 44% \u0641\u064a 15 \u062f\u061b 80 \u0648\u0627\u0637 (6000): 40%.<span class=\"inline-flex\" aria-label=\"Honor 400 - Full phone specifications\" data-state=\"closed\">\u200b<\/span><\/p>\n<p class=\"my-2 [&amp;+p]:mt-4 [&amp;_strong:has(+br)]:inline-block [&amp;_strong:has(+br)]:pb-2\"><strong>\u0633: \u062a\u0635\u0646\u064a\u0641 \u0645\u0642\u0627\u0648\u0645\u0629 \u0627\u0644\u0645\u0627\u0621\u061f<\/strong><br \/>\n\u062c: IP65\/IP66 \u063a\u0628\u0627\u0631 + \u0631\u0630\u0627\u0630 \u0645\u0627\u0626\u064a.<span class=\"inline-flex\" aria-label=\"Honor 400 - Full phone specifications\" data-state=\"closed\">\u200b<\/span><\/p>\n<p class=\"my-2 [&amp;+p]:mt-4 [&amp;_strong:has(+br)]:inline-block [&amp;_strong:has(+br)]:pb-2\"><strong>\u0633: \u0627\u0644\u062a\u0632\u0627\u0645 \u062a\u062d\u062f\u064a\u062b\u0627\u062a \u0627\u0644\u0646\u0638\u0627\u0645\u061f<\/strong><br \/>\n\u062c: \u0623\u0646\u062f\u0631\u0648\u064a\u062f 15 + 6 \u062a\u0631\u0642\u064a\u0627\u062a \u0631\u0626\u064a\u0633\u064a\u0629.<span class=\"inline-flex\" aria-label=\"Honor 400 - Full phone specifications\" data-state=\"closed\">\u200b<\/span><\/p>\n<p class=\"my-2 [&amp;+p]:mt-4 [&amp;_strong:has(+br)]:inline-block [&amp;_strong:has(+br)]:pb-2\"><strong>\u0633: \u0633\u0637\u0648\u0639 \u0627\u0644\u0634\u0627\u0634\u0629 \u0627\u0644\u0645\u0642\u0627\u0633\u061f<\/strong><br \/>\n\u062c: 1550 \u0646\u064a\u062a \u0623\u0642\u0635\u0649 \u0633\u0637\u0648\u0639 (\u0645\u062e\u062a\u0628\u0631).<span class=\"inline-flex\" aria-label=\"Honor 400 - Full phone specifications\" data-state=\"closed\">\u200b<\/span><\/p>\n","protected":false},"excerpt":{"rendered":"<table>\n<thead class=\"bg-subtler\">\n<tr>\n<th class=\"border-subtler p-sm break-normal border-b border-r text-left align-top\">\u0627\u0644\u0645\u0648\u0627\u0635\u0641\u0627\u062a<\/th>\n<th class=\"border-subtler p-sm break-normal border-b border-r text-left align-top\">\u0627\u0644\u062a\u0641\u0627\u0635\u064a\u0644<\/th>\n<\/tr>\n<\/thead>\n<tbody>\n<tr>\n<td class=\"px-sm border-subtler min-w-[48px] break-normal border-b border-r\">\u0627\u0644\u0634\u0627\u0634\u0629<\/td>\n<td class=\"px-sm border-subtler min-w-[48px] break-normal border-b border-r\">6.55&#8243; AMOLED 120Hz\u060c 5000 \u0646\u064a\u062a<\/td>\n<\/tr>\n<tr>\n<td class=\"px-sm border-subtler min-w-[48px] break-normal border-b border-r\">\u0627\u0644\u0645\u0639\u0627\u0644\u062c<\/td>\n<td class=\"px-sm border-subtler min-w-[48px] break-normal border-b border-r\">Snapdragon 7 Gen 3 (4 \u0646\u0627\u0646\u0648\u0645\u062a\u0631)<\/td>\n<\/tr>\n<tr>\n<td class=\"px-sm border-subtler min-w-[48px] break-normal border-b border-r\">\u0627\u0644\u0631\u0627\u0645\/\u0627\u0644\u062a\u062e\u0632\u064a\u0646<\/td>\n<td class=\"px-sm border-subtler min-w-[48px] break-normal border-b border-r\">12 \u062c\u064a\u062c\u0627 \/ 256 \u062c\u064a\u062c\u0627 (\u0628\u062f\u0648\u0646 microSD)<\/td>\n<\/tr>\n<tr>\n<td class=\"px-sm border-subtler min-w-[48px] break-normal border-b border-r\">\u0643\u0627\u0645\u064a\u0631\u0627 \u062e\u0644\u0641\u064a\u0629<\/td>\n<td class=\"px-sm border-subtler min-w-[48px] break-normal border-b border-r\">200 \u0645\u064a\u062c\u0627 OIS + 12 \u0645\u064a\u062c\u0627 \u0648\u0627\u0633\u0639\u0629<\/td>\n<\/tr>\n<tr>\n<td class=\"px-sm border-subtler min-w-[48px] break-normal border-b border-r\">\u0643\u0627\u0645\u064a\u0631\u0627 \u0623\u0645\u0627\u0645\u064a\u0629<\/td>\n<td class=\"px-sm border-subtler min-w-[48px] break-normal border-b border-r\">50 \u0645\u064a\u062c\u0627<\/td>\n<\/tr>\n<tr>\n<td class=\"px-sm border-subtler min-w-[48px] break-normal border-b border-r\">\u0627\u0644\u0628\u0637\u0627\u0631\u064a\u0629<\/td>\n<td class=\"px-sm border-subtler min-w-[48px] break-normal border-b border-r\">5300 \u0645\u0644\u0644\u064a \u0623\u0645\u0628\u064a\u0631<\/td>\n<\/tr>\n<tr>\n<td class=\"px-sm border-subtler min-w-[48px] break-normal border-b border-r\">\u0627\u0644\u0634\u062d\u0646<\/td>\n<td class=\"px-sm border-subtler min-w-[48px] break-normal border-b border-r\">66\/80 \u0648\u0627\u0637 \u0633\u0644\u0643\u064a\u060c 5 \u0648\u0627\u0637 \u0639\u0643\u0633\u064a<\/td>\n<\/tr>\n<tr>\n<td class=\"px-sm border-subtler min-w-[48px] break-normal border-b border-r\">\u0627\u0644\u0623\u0628\u0639\u0627\u062f<\/td>\n<td class=\"px-sm border-subtler min-w-[48px] break-normal border-b border-r\">156.5 \u00d7 74.6 \u00d7 7.3 \u0645\u0645<\/td>\n<\/tr>\n<tr>\n<td class=\"px-sm border-subtler min-w-[48px] break-normal border-b border-r\">\u0627\u0644\u0648\u0632\u0646<\/td>\n<td class=\"px-sm border-subtler min-w-[48px] break-normal border-b border-r\">184 \u062c\u0631\u0627\u0645<\/td>\n<\/tr>\n<tr>\n<td class=\"px-sm border-subtler min-w-[48px] break-normal border-b border-r\">\u0646\u0638\u0627\u0645 \u0627\u0644\u062a\u0634\u063a\u064a\u0644<\/td>\n<td class=\"px-sm border-subtler min-w-[48px] break-normal border-b border-r\">\u0623\u0646\u062f\u0631\u0648\u064a\u062f 15\u060c MagicOS 9<\/td>\n<\/tr>\n<\/tbody>\n<\/table>\n<p>&nbsp;<\/p>\n","protected":false},"featured_media":101645,"comment_status":"open","ping_status":"closed","template":"","meta":{"_acf_changed":false},"product_brand":[1811],"product_cat":[71,1494,1493],"product_tag":[],"class_list":{"0":"post-52863","1":"product","2":"type-product","3":"status-publish","4":"has-post-thumbnail","6":"product_brand-honor","7":"product_cat-71","8":"product_cat-1494","9":"product_cat-1493","11":"first","12":"outofstock","13":"sale","14":"taxable","15":"shipping-taxable","16":"purchasable","17":"product-type-simple"},"acf":[],"jetpack_sharing_enabled":true,"_links":{"self":[{"href":"https:\/\/ehabgroup.com\/ar\/wp-json\/wp\/v2\/product\/52863","targetHints":{"allow":["GET"]}}],"collection":[{"href":"https:\/\/ehabgroup.com\/ar\/wp-json\/wp\/v2\/product"}],"about":[{"href":"https:\/\/ehabgroup.com\/ar\/wp-json\/wp\/v2\/types\/product"}],"replies":[{"embeddable":true,"href":"https:\/\/ehabgroup.com\/ar\/wp-json\/wp\/v2\/comments?post=52863"}],"version-history":[{"count":0,"href":"https:\/\/ehabgroup.com\/ar\/wp-json\/wp\/v2\/product\/52863\/revisions"}],"wp:featuredmedia":[{"embeddable":true,"href":"https:\/\/ehabgroup.com\/ar\/wp-json\/wp\/v2\/media\/101645"}],"wp:attachment":[{"href":"https:\/\/ehabgroup.com\/ar\/wp-json\/wp\/v2\/media?parent=52863"}],"wp:term":[{"taxonomy":"product_brand","embeddable":true,"href":"https:\/\/ehabgroup.com\/ar\/wp-json\/wp\/v2\/product_brand?post=52863"},{"taxonomy":"product_cat","embeddable":true,"href":"https:\/\/ehabgroup.com\/ar\/wp-json\/wp\/v2\/product_cat?post=52863"},{"taxonomy":"product_tag","embeddable":true,"href":"https:\/\/ehabgroup.com\/ar\/wp-json\/wp\/v2\/product_tag?post=52863"}],"curies":[{"name":"wp","href":"https:\/\/api.w.org\/{rel}","templated":true}]}}