{"id":57082,"date":"2025-11-13T18:36:56","date_gmt":"2025-11-13T16:36:56","guid":{"rendered":"https:\/\/ehabgroup.com\/?post_type=product&#038;p=57082"},"modified":"2026-05-14T03:18:07","modified_gmt":"2026-05-14T00:18:07","slug":"%d8%aa%d8%a7%d8%a8%d9%84%d8%aa-%d9%87%d9%88%d8%a7%d9%88%d9%8a-%d9%85%d9%8a%d8%aa-%d8%a8%d8%a7%d8%af-11-5-8128-%d9%85%d8%b9-%d9%83%d9%8a%d8%a8%d9%88%d8%b1%d8%af-%d8%b1%d9%85%d8%a7%d8%af","status":"publish","type":"product","link":"https:\/\/ehabgroup.com\/ar\/shop\/%d8%aa%d8%a7%d8%a8%d9%84%d8%aa-%d9%87%d9%88%d8%a7%d9%88%d9%8a-%d9%85%d9%8a%d8%aa-%d8%a8%d8%a7%d8%af-11-5-8128-%d9%85%d8%b9-%d9%83%d9%8a%d8%a8%d9%88%d8%b1%d8%af-%d8%b1%d9%85%d8%a7%d8%af\/","title":{"rendered":"\u062a\u0627\u0628\u0644\u062a \u0647\u0648\u0627\u0648\u064a\u200b MatePad 11.5 \u2013 \u0631\u0627\u0645\u0627\u062a 8 \u062c\u064a\u062c\u0627 + 128 \u062c\u064a\u062c\u0627 \u2013 \u0645\u0639 \u0643\u064a\u0628\u0648\u0631\u062f \u2013 \u0631\u0645\u0627\u062f\u064a"},"content":{"rendered":"<h2 id=\"\" class=\"mb-2 mt-4 [.has-inline-images_&amp;]:clear-end font-sans visRefresh2026AnswerSerif:font-editorial font-semimedium visRefresh2026Fonts:font-bold text-base visRefresh2026Fonts:text-lg first:mt-0 md:text-lg [hr+&amp;]:mt-4\" style=\"text-align: center\">\u062a\u0627\u0628\u0644\u062a \u0647\u0648\u0627\u0648\u064a MatePad 11.5 \u2013 \u0631\u0627\u0645\u0627\u062a 8 \u062c\u064a\u062c\u0627 + 128 \u062c\u064a\u062c\u0627 \u2013 \u0645\u0639 \u0643\u064a\u0628\u0648\u0631\u062f \u2013 \u0631\u0645\u0627\u062f\u064a<\/h2>\n<p><img fetchpriority=\"high\" decoding=\"async\" class=\"aligncenter\" src=\"https:\/\/hitechcentury.com\/wp-content\/uploads\/2024\/02\/1000009316-01_compress68.jpg\" alt=\"Huawei MatePad 11.5 PaperMatte Edition 2024 Review - Latest ...\" width=\"1123\" height=\"632\" \/><\/p>\n<h3 class=\"mb-2 mt-4 [.has-inline-images_&amp;]:clear-end font-sans visRefresh2026AnswerSerif:font-editorial font-semimedium visRefresh2026Fonts:font-bold text-base first:mt-0\">\u0627\u0644\u0645\u0645\u064a\u0632\u0627\u062a \u0627\u0644\u0623\u0633\u0627\u0633\u064a\u0629<\/h3>\n<p class=\"my-2 [&amp;+p]:mt-4 [&amp;_strong:has(+br)]:inline-block [&amp;_strong:has(+br)]:pb-2\"><strong>\u0647\u0648\u0627\u0648\u064a \u0645\u064a\u062a \u0628\u0627\u062f 11.5 (8+128) \u0645\u0639 \u0643\u064a\u0628\u0648\u0631\u062f<\/strong>\u00a0\u0628\u0645\u0639\u0627\u0644\u062c Kirin T82B 12 \u0646\u0648\u0627\u0629 (2\u00d72.29GHz + 6\u00d72.05GHz + 4\u00d71.31GHz) \u0645\u0639 Maleoon 920c \u0644\u0644\u0645\u0647\u0627\u0645 \u0627\u0644\u0645\u062a\u0639\u062f\u062f\u0629 \u0639\u0644\u0649 \u0634\u0627\u0634\u0629 TFT 11.5 \u0625\u0646\u0634 120Hz (1600\u00d72456\u060c 600 \u0646\u064a\u062a). \u0643\u064a\u0628\u0648\u0631\u062f \u0645\u063a\u0646\u0627\u0637\u064a\u0633\u064a \u064a\u062d\u0648\u0644 \u0627\u0644\u062a\u0627\u0628\u0644\u062a \u0644\u0644\u0627\u0628\u062a\u0648\u0628 \u0645\u0639 \u0628\u0637\u0627\u0631\u064a\u0629 10100 \u0645\u0644\u0644\u064a \u0623\u0645\u0628\u064a\u0631 12+ \u0633\u0627\u0639\u0629 \u0641\u064a\u062f\u064a\u0648 \u0648\u0634\u062d\u0646 40 \u0648\u0627\u0637 50% \u0641\u064a 35 \u062f\u0642\u064a\u0642\u0629. \u0623\u0631\u0628\u0639 \u0633\u0645\u0627\u0639\u0627\u062a \u0633\u062a\u064a\u0631\u064a\u0648 \u0635\u0648\u062a \u063a\u0627\u0645\u0631.<\/p>\n<h3 class=\"mb-2 mt-4 [.has-inline-images_&amp;]:clear-end font-sans visRefresh2026AnswerSerif:font-editorial font-semimedium visRefresh2026Fonts:font-bold text-base first:mt-0\">\u0641\u064a \u0645\u0627\u0630\u0627 \u064a\u0633\u062a\u062e\u062f\u0645\u00a0<strong>\u0647\u0648\u0627\u0648\u064a \u0645\u064a\u062a \u0628\u0627\u062f 11.5 (8+128) \u0645\u0639 \u0643\u064a\u0628\u0648\u0631\u062f<\/strong>\u061f<\/h3>\n<p class=\"my-2 [&amp;+p]:mt-4 [&amp;_strong:has(+br)]:inline-block [&amp;_strong:has(+br)]:pb-2\"><strong>\u0647\u0648\u0627\u0648\u064a \u0645\u064a\u062a \u0628\u0627\u062f 11.5 (8+128) \u0645\u0639 \u0643\u064a\u0628\u0648\u0631\u062f<\/strong>\u00a0\u064a\u062f\u064a\u0631 \u0643\u062a\u0627\u0644\u0648\u062c\u0627\u062a WordPress \u0648\u064a\u0639\u062f\u0644 \u0648\u0635\u0641 \u0645\u0646\u062a\u062c\u0627\u062a \u062b\u0646\u0627\u0626\u064a \u0627\u0644\u0644\u063a\u0629 \u0623\u062b\u0646\u0627\u0621 \u062a\u0646\u0642\u0644 \u0627\u0644\u0642\u0627\u0647\u0631\u0629. \u0645\u062f\u064a\u0631\u0648 \u0627\u0644\u0645\u062d\u062a\u0648\u0649 \u064a\u0643\u062a\u0628\u0648\u0646 \u0642\u0648\u0627\u0626\u0645 \u0639\u0631\u0628\u064a\/\u0625\u0646\u062c\u0644\u064a\u0632\u064a \u0628\u0643\u064a\u0628\u0648\u0631\u062f. \u0627\u0644\u0639\u0627\u0645\u0644\u0648\u0646 \u0639\u0646 \u0628\u0639\u062f \u0645\u0624\u062a\u0645\u0631\u0627\u062a \u0628\u0643\u0627\u0645\u064a\u0631\u0627 8 \u0645\u064a\u062c\u0627. \u0627\u0644\u0641\u0646\u0627\u0646\u0648\u0646 \u0627\u0644\u0631\u0642\u0645\u064a\u0648\u0646 \u0631\u0633\u0648\u0645 \u062a\u062e\u0637\u064a\u0637\u064a\u0629. \u0627\u0644\u0645\u0633\u0627\u0641\u0631\u0648\u0646 \u0625\u0646\u062a\u0627\u062c\u064a\u0629 \u064a\u0648\u0645 \u0643\u0627\u0645\u0644.<span class=\"inline-flex\" aria-label=\"Huawei MatePad 11.5 (2026) - Full tablet specifications\" data-state=\"closed\">\u200b<\/span><\/p>\n<h3 class=\"mb-2 mt-4 [.has-inline-images_&amp;]:clear-end font-sans visRefresh2026AnswerSerif:font-editorial font-semimedium visRefresh2026Fonts:font-bold text-base first:mt-0\">\u00a0\u0627\u0644\u0623\u0633\u0626\u0644\u0629 \u0627\u0644\u0634\u0627\u0626\u0639\u0629<\/h3>\n<p class=\"my-2 [&amp;+p]:mt-4 [&amp;_strong:has(+br)]:inline-block [&amp;_strong:has(+br)]:pb-2\"><strong>\u0633: \u0637\u0631\u064a\u0642\u0629 \u062a\u062b\u0628\u064a\u062a \u0627\u0644\u0643\u064a\u0628\u0648\u0631\u062f\u061f<\/strong><br \/>\n\u062c: \u0645\u063a\u0646\u0627\u0637\u064a\u0633\u064a \u0645\u0639 \u0645\u0646\u0641\u0630 \u0645\u062e\u0635\u0635.<span class=\"inline-flex\" aria-label=\"Huawei MatePad 11.5 (2026) - Full tablet specifications\" data-state=\"closed\">\u200b<\/span><\/p>\n<p class=\"my-2 [&amp;+p]:mt-4 [&amp;_strong:has(+br)]:inline-block [&amp;_strong:has(+br)]:pb-2\"><strong>\u0633: \u0645\u062f\u0629 \u0627\u0644\u0628\u0637\u0627\u0631\u064a\u0629 \u0641\u064a \u0627\u0644\u0639\u0645\u0644\u061f<\/strong><br \/>\n\u062c: 10+ \u0633\u0627\u0639\u0627\u062a \u0627\u0633\u062a\u062e\u062f\u0627\u0645 \u0645\u062e\u062a\u0644\u0637.<span class=\"inline-flex\" aria-label=\"Huawei MatePad 11.5 (2026) specifications - Kalvo\" data-state=\"closed\">\u200b<\/span><\/p>\n<p class=\"my-2 [&amp;+p]:mt-4 [&amp;_strong:has(+br)]:inline-block [&amp;_strong:has(+br)]:pb-2\"><strong>\u0633: \u062a\u0648\u0627\u0641\u0642 \u0642\u0644\u0645 \u0627\u0644\u0636\u063a\u0637\u061f<\/strong><br \/>\n\u062c: \u064a\u062f\u0639\u0645 M-Pencil \u0627\u0644\u062c\u064a\u0644 \u0627\u0644\u062b\u0627\u0644\u062b.<span class=\"inline-flex\" aria-label=\"Huawei MatePad 11.5 (2026) - Full tablet specifications\" data-state=\"closed\">\u200b<\/span><\/p>\n<p class=\"my-2 [&amp;+p]:mt-4 [&amp;_strong:has(+br)]:inline-block [&amp;_strong:has(+br)]:pb-2\"><strong>\u0633: \u0645\u0639\u062f\u0644 \u062a\u062d\u062f\u064a\u062b \u0627\u0644\u0634\u0627\u0634\u0629\u061f<\/strong><br \/>\n\u062c: 120Hz \u062a\u0645\u0631\u064a\u0631 \u0633\u0644\u0633 \u0644\u0644\u0645\u0633\u062a\u0646\u062f\u0627\u062a.<span class=\"inline-flex\" aria-label=\"HUAWEI MatePad 11.5 (2026) Launched with 120Hz ...\" data-state=\"closed\">\u200b<\/span><\/p>\n<p class=\"my-2 [&amp;+p]:mt-4 [&amp;_strong:has(+br)]:inline-block [&amp;_strong:has(+br)]:pb-2\"><strong>\u0633: \u062a\u0637\u0628\u064a\u0642\u0627\u062a \u0645\u062a\u0627\u062d\u0629\u061f<\/strong><br \/>\n\u062c: AppGallery \u0643\u0627\u0645\u0644 + \u0648\u0636\u0639 PC Manager.<span class=\"inline-flex\" aria-label=\"Huawei MatePad 11.5 (2026) - Full tablet specifications\" data-state=\"closed\">\u200b<\/span><\/p>\n","protected":false},"excerpt":{"rendered":"<table>\n<thead class=\"bg-subtler\">\n<tr>\n<th class=\"border-subtler p-sm break-normal border-b border-r text-left align-top\">\u0627\u0644\u0645\u0648\u0627\u0635\u0641\u0629<\/th>\n<th class=\"border-subtler p-sm break-normal border-b border-r text-left align-top\">\u0627\u0644\u062a\u0641\u0627\u0635\u064a\u0644<\/th>\n<\/tr>\n<\/thead>\n<tbody>\n<tr>\n<td class=\"px-sm border-subtler min-w-[48px] break-normal border-b border-r\">\u0627\u0644\u0634\u0627\u0634\u0629<\/td>\n<td class=\"px-sm border-subtler min-w-[48px] break-normal border-b border-r\">11.5&#8243; TFT 120Hz\u060c 1600\u00d72456 (255ppi)<\/td>\n<\/tr>\n<tr>\n<td class=\"px-sm border-subtler min-w-[48px] break-normal border-b border-r\">\u0627\u0644\u0645\u0639\u0627\u0644\u062c<\/td>\n<td class=\"px-sm border-subtler min-w-[48px] break-normal border-b border-r\">Kirin T82B 12 \u0646\u0648\u0627\u0629<\/td>\n<\/tr>\n<tr>\n<td class=\"px-sm border-subtler min-w-[48px] break-normal border-b border-r\">\u0627\u0644\u0631\u0627\u0645\/\u0627\u0644\u062a\u062e\u0632\u064a\u0646<\/td>\n<td class=\"px-sm border-subtler min-w-[48px] break-normal border-b border-r\">8 \u062c\u064a\u062c\u0627 \/ 128 \u062c\u064a\u062c\u0627<\/td>\n<\/tr>\n<tr>\n<td class=\"px-sm border-subtler min-w-[48px] break-normal border-b border-r\">\u0627\u0644\u0628\u0637\u0627\u0631\u064a\u0629<\/td>\n<td class=\"px-sm border-subtler min-w-[48px] break-normal border-b border-r\">10100 \u0645\u0644\u0644\u064a \u0623\u0645\u0628\u064a\u0631 \u0634\u062d\u0646 40 \u0648\u0627\u0637<\/td>\n<\/tr>\n<tr>\n<td class=\"px-sm border-subtler min-w-[48px] break-normal border-b border-r\">\u0643\u0627\u0645\u064a\u0631\u0627 \u062e\u0644\u0641\u064a\u0629<\/td>\n<td class=\"px-sm border-subtler min-w-[48px] break-normal border-b border-r\">13 \u0645\u064a\u062c\u0627 f\/1.8 \u0648\u0627\u0633\u0639\u0629<\/td>\n<\/tr>\n<tr>\n<td class=\"px-sm border-subtler min-w-[48px] break-normal border-b border-r\">\u0643\u0627\u0645\u064a\u0631\u0627 \u0623\u0645\u0627\u0645\u064a\u0629<\/td>\n<td class=\"px-sm border-subtler min-w-[48px] break-normal border-b border-r\">8 \u0645\u064a\u062c\u0627 f\/2.2 \u0648\u0627\u0633\u0639\u0629<\/td>\n<\/tr>\n<tr>\n<td class=\"px-sm border-subtler min-w-[48px] break-normal border-b border-r\">\u0627\u0644\u0635\u0648\u062a<\/td>\n<td class=\"px-sm border-subtler min-w-[48px] break-normal border-b border-r\">4 \u0633\u0645\u0627\u0639\u0627\u062a \u0633\u062a\u064a\u0631\u064a\u0648<\/td>\n<\/tr>\n<tr>\n<td class=\"px-sm border-subtler min-w-[48px] break-normal border-b border-r\">\u0627\u0644\u0623\u0628\u0639\u0627\u062f<\/td>\n<td class=\"px-sm border-subtler min-w-[48px] break-normal border-b border-r\">262.6 \u00d7 177.5 \u00d7 6.1 \u0645\u0645\u060c 515 \u062c\u0631\u0627\u0645<\/td>\n<\/tr>\n<tr>\n<td class=\"px-sm border-subtler min-w-[48px] break-normal border-b border-r\">\u0646\u0638\u0627\u0645 \u0627\u0644\u062a\u0634\u063a\u064a\u0644<\/td>\n<td class=\"px-sm border-subtler min-w-[48px] break-normal border-b border-r\">HarmonyOS 5.1<\/td>\n<\/tr>\n<tr>\n<td class=\"px-sm border-subtler min-w-[48px] break-normal border-b border-r\">\u0627\u0644\u0627\u062a\u0635\u0627\u0644<\/td>\n<td class=\"px-sm border-subtler min-w-[48px] break-normal border-b border-r\">WiFi 6\u060c \u0628\u0644\u0648\u062a\u0648\u062b 5.2\u060c USB-C 2.0<\/td>\n<\/tr>\n<\/tbody>\n<\/table>\n<p>&nbsp;<\/p>\n","protected":false},"featured_media":77482,"comment_status":"open","ping_status":"closed","template":"","meta":{"_acf_changed":false},"product_brand":[2115],"product_cat":[1996,1993,1995],"product_tag":[],"class_list":{"0":"post-57082","1":"product","2":"type-product","3":"status-publish","4":"has-post-thumbnail","6":"product_brand-huawi","7":"product_cat-----en","8":"product_cat-moblie","9":"product_cat----en","11":"first","12":"outofstock","13":"sale","14":"taxable","15":"shipping-taxable","16":"purchasable","17":"product-type-simple"},"acf":[],"jetpack_sharing_enabled":true,"_links":{"self":[{"href":"https:\/\/ehabgroup.com\/ar\/wp-json\/wp\/v2\/product\/57082","targetHints":{"allow":["GET"]}}],"collection":[{"href":"https:\/\/ehabgroup.com\/ar\/wp-json\/wp\/v2\/product"}],"about":[{"href":"https:\/\/ehabgroup.com\/ar\/wp-json\/wp\/v2\/types\/product"}],"replies":[{"embeddable":true,"href":"https:\/\/ehabgroup.com\/ar\/wp-json\/wp\/v2\/comments?post=57082"}],"version-history":[{"count":0,"href":"https:\/\/ehabgroup.com\/ar\/wp-json\/wp\/v2\/product\/57082\/revisions"}],"wp:featuredmedia":[{"embeddable":true,"href":"https:\/\/ehabgroup.com\/ar\/wp-json\/wp\/v2\/media\/77482"}],"wp:attachment":[{"href":"https:\/\/ehabgroup.com\/ar\/wp-json\/wp\/v2\/media?parent=57082"}],"wp:term":[{"taxonomy":"product_brand","embeddable":true,"href":"https:\/\/ehabgroup.com\/ar\/wp-json\/wp\/v2\/product_brand?post=57082"},{"taxonomy":"product_cat","embeddable":true,"href":"https:\/\/ehabgroup.com\/ar\/wp-json\/wp\/v2\/product_cat?post=57082"},{"taxonomy":"product_tag","embeddable":true,"href":"https:\/\/ehabgroup.com\/ar\/wp-json\/wp\/v2\/product_tag?post=57082"}],"curies":[{"name":"wp","href":"https:\/\/api.w.org\/{rel}","templated":true}]}}