{"id":62744,"date":"2025-11-22T20:14:40","date_gmt":"2025-11-22T18:14:40","guid":{"rendered":"https:\/\/ehabgroup.com\/?post_type=product&#038;p=62744"},"modified":"2026-05-10T03:20:41","modified_gmt":"2026-05-10T00:20:41","slug":"%d8%b4%d8%a7%d8%ad%d9%86-%d8%b3%d8%a7%d8%b9%d8%a9-%d8%b1%d9%8a%d8%b3%d9%8a-rcw-28","status":"publish","type":"product","link":"https:\/\/ehabgroup.com\/ar\/shop\/%d8%b4%d8%a7%d8%ad%d9%86-%d8%b3%d8%a7%d8%b9%d8%a9-%d8%b1%d9%8a%d8%b3%d9%8a-rcw-28\/","title":{"rendered":"\u0634\u0627\u062d\u0646 \u0633\u0627\u0639\u0629 \u0631\u064a\u0633\u064a (RCW-28)"},"content":{"rendered":"<h2 id=\"rcw-28\" class=\"font-editorial font-bold mb-2 mt-4 [.has-inline-images_&amp;]:clear-end text-lg first:mt-0 md:text-lg [hr+&amp;]:mt-4\" style=\"text-align: center\">\u0634\u0627\u062d\u0646 \u0633\u0627\u0639\u0629 \u0631\u064a\u0633\u064a (RCW-28)<\/h2>\n<p><img fetchpriority=\"high\" decoding=\"async\" class=\"aligncenter\" src=\"https:\/\/trust-egypt.com\/cdn\/shop\/files\/1-4_f25a3b2d-e620-4e31-a1c3-7cc0e76ed019.jpg?v=1701338187&amp;width=1920\" alt=\"RCW-28 For iWatch wireless charger\" width=\"1315\" height=\"548\" \/><\/p>\n<h3 class=\"font-editorial font-bold mb-2 mt-4 [.has-inline-images_&amp;]:clear-end text-base first:mt-0\">\u0627\u0644\u0645\u064a\u0632\u0627\u062a \u0627\u0644\u0631\u0626\u064a\u0633\u064a\u0629<\/h3>\n<h3 class=\"font-editorial font-bold mb-2 mt-4 [.has-inline-images_&amp;]:clear-end text-base first:mt-0\"><img decoding=\"async\" class=\"aligncenter\" src=\"https:\/\/trust-egypt.com\/cdn\/shop\/files\/2-4.jpg?v=1701338186&amp;width=1920\" alt=\"RCW-28 For iWatch wireless charger\" width=\"1395\" height=\"581\" \/><\/h3>\n<p class=\"my-2 [&amp;+p]:mt-4 [&amp;_strong:has(+br)]:inline-block [&amp;_strong:has(+br)]:pb-2\">\u0631\u064a\u0633\u064a RCW-28 \u064a\u0642\u062f\u0645 \u0634\u062d\u0646 \u0644\u0627\u0633\u0644\u0643\u064a \u0645\u063a\u0646\u0627\u0637\u064a\u0633\u064a 3.5 \u0648\u0627\u0637 \u0645\u064f\u062d\u0633\u0651\u0646 \u0644\u0623\u0628\u0644 \u0648\u0627\u062a\u0634 \u0633\u064a\u0631\u064a\u0632 1-9 \u0648SE \u0648\u0623\u0644\u062a\u0631\u0627 \u0645\u0639 \u0645\u062d\u0627\u0630\u0627\u0629 \u0645\u063a\u0646\u0627\u0637\u064a\u0633\u064a\u0629 \u062f\u0642\u064a\u0642\u0629. \u0643\u0627\u0628\u0644 USB 1.2 \u0645\u062a\u0631 \u0645\u0631\u0646 \u0644\u0644\u0637\u0627\u0648\u0644\u0629\/\u0627\u0644\u0633\u0631\u064a\u0631 \u0628\u064a\u0646\u0645\u0627 \u062a\u0635\u0645\u064a\u0645 \u0642\u0631\u0635 \u0645\u062f\u0645\u062c \u064a\u0646\u0632\u0644\u0642 \u0641\u064a \u0627\u0644\u062c\u064a\u0648\u0628\/\u0627\u0644\u062d\u0642\u0627\u0626\u0628. \u062a\u0648\u0627\u0641\u0642 USB \u0639\u0627\u0644\u0645\u064a \u0645\u0639 \u0623\u064a \u0634\u0627\u062d\u0646 5V\/1A+ \u0623\u0648 \u0644\u0627\u0628\u062a\u0648\u0628 \u0623\u0648 \u0628\u0627\u0648\u0631 \u0628\u0627\u0646\u0643. \u062a\u0634\u063a\u064a\u0644 \u0641\u0648\u0631\u064a \u0628\u062f\u0648\u0646 \u062a\u0637\u0628\u064a\u0642\u0627\u062a \u064a\u062d\u0627\u0641\u0638 \u0639\u0644\u0649 \u0628\u0631\u0648\u062a\u0648\u0643\u0648\u0644 \u0634\u062d\u0646 \u0623\u0628\u0644 \u0627\u0644\u0633\u0631\u064a\u0639.<\/p>\n<p><span class=\"inline-flex\" aria-label=\"Bezdr\u00e1tov\u00e1 nab\u00edje\u010dka pro Apple Watch Recci RCW-28 (3.5 ...\" data-state=\"closed\"><img decoding=\"async\" class=\"aligncenter\" src=\"https:\/\/trust-egypt.com\/cdn\/shop\/files\/3-4.jpg?v=1701338186&amp;width=1920\" alt=\"RCW-28 For iWatch wireless charger\" width=\"1427\" height=\"595\" \/><\/span><\/p>\n<h3 class=\"font-editorial font-bold mb-2 mt-4 [.has-inline-images_&amp;]:clear-end text-base first:mt-0\">\u0627\u0644\u0627\u0633\u062a\u062e\u062f\u0627\u0645\u0627\u062a<\/h3>\n<p><span class=\"inline-flex\" aria-label=\"Bezdr\u00e1tov\u00e1 nab\u00edje\u010dka pro Apple Watch Recci RCW-28 (3.5 ...\" data-state=\"closed\"><img loading=\"lazy\" decoding=\"async\" class=\"aligncenter\" src=\"https:\/\/trust-egypt.com\/cdn\/shop\/files\/4-4.jpg?v=1701338187&amp;width=1920\" alt=\"RCW-28 For iWatch wireless charger\" width=\"1471\" height=\"613\" \/><\/span><\/p>\n<p class=\"my-2 [&amp;+p]:mt-4 [&amp;_strong:has(+br)]:inline-block [&amp;_strong:has(+br)]:pb-2\">\u0645\u062b\u0627\u0644\u064a \u0644\u0644\u0634\u062d\u0646 \u0627\u0644\u0644\u064a\u0644\u064a \u0628\u062c\u0627\u0646\u0628 \u0627\u0644\u0633\u0631\u064a\u0631. \u0633\u0637\u062d \u0645\u0643\u062a\u0628 \u0623\u062b\u0646\u0627\u0621 \u0627\u0644\u0639\u0645\u0644. \u0634\u062d\u0646 \u0641\u0646\u0627\u062f\u0642 \u0628\u062f\u0648\u0646 \u0643\u0627\u0628\u0644\u0627\u062a \u062e\u0627\u0635\u0629. \u062a\u062c\u062f\u064a\u062f \u0641\u064a \u062d\u0642\u0627\u0626\u0628 \u0627\u0644\u062c\u064a\u0645. \u0634\u062d\u0646 \u0645\u0631\u064a\u062d \u0644\u064a\u0644\u064a. \u0645\u062b\u0627\u0644\u064a \u0644\u0634\u062d\u0646 \u064a\u0648\u0645\u064a \u0623\u0628\u0644 \u0648\u0627\u062a\u0634 \u0648\u0627\u0644\u0645\u0643\u062a\u0628 \u0648\u0627\u0644\u0633\u0641\u0631 \u0648\u062a\u062a\u0628\u0639 \u0627\u0644\u0644\u064a\u0627\u0642\u0629 \u0648\u0627\u0644\u0631\u0627\u062d\u0629 \u0627\u0644\u0644\u064a\u0644\u064a\u0629 \u0648\u0642\u0648\u0629 \u0627\u0644\u0633\u0627\u0639\u0627\u062a \u0627\u0644\u0630\u0643\u064a\u0629.<\/p>\n<p><img loading=\"lazy\" decoding=\"async\" class=\"aligncenter\" src=\"https:\/\/trust-egypt.com\/cdn\/shop\/files\/5-4.jpg?v=1701338187&amp;width=1920\" alt=\"RCW-28 For iWatch wireless charger\" width=\"1473\" height=\"614\" \/><\/p>\n<h3 class=\"font-editorial font-bold mb-2 mt-4 [.has-inline-images_&amp;]:clear-end text-base first:mt-0\">\u0627\u0644\u0623\u0633\u0626\u0644\u0629 \u0627\u0644\u0634\u0627\u0626\u0639\u0629<\/h3>\n<p class=\"my-2 [&amp;+p]:mt-4 [&amp;_strong:has(+br)]:inline-block [&amp;_strong:has(+br)]:pb-2\"><strong>\u0645\u062a\u0648\u0627\u0641\u0642 \u062c\u0645\u064a\u0639 \u0645\u0648\u062f\u064a\u0644\u0627\u062a \u0623\u0628\u0644 \u0648\u0627\u062a\u0634\u061f<\/strong><br \/>\n\u0633\u064a\u0631\u064a\u0632 1-9\u060c SE\u060c \u0623\u0644\u062a\u0631\u0627 \u0645\u063a\u0646\u0627\u0637\u064a\u0633\u064a\u0627\u064b.<span class=\"inline-flex\" aria-label=\"Bezdr\u00e1tov\u00e1 nab\u00edje\u010dka pro Apple Watch Recci RCW-28 (3.5 ...\" data-state=\"closed\">\u200b<\/span><\/p>\n<p class=\"my-2 [&amp;+p]:mt-4 [&amp;_strong:has(+br)]:inline-block [&amp;_strong:has(+br)]:pb-2\"><strong>\u0634\u062d\u0646 USB \u0642\u064a\u0627\u0633\u064a\u061f<\/strong><br \/>\n\u064a\u0639\u0645\u0644 \u0645\u0639 \u0623\u064a 5V\/1A+ \u0634\u0627\u062d\u0646\/\u0628\u0627\u0648\u0631\u0628\u0627\u0646\u0643.<\/p>\n<p class=\"my-2 [&amp;+p]:mt-4 [&amp;_strong:has(+br)]:inline-block [&amp;_strong:has(+br)]:pb-2\"><strong>\u062d\u062c\u0645 \u0645\u062f\u0645\u062c \u0644\u0644\u0633\u0641\u0631\u061f<\/strong><br \/>\n\u0642\u0631\u0635 \u0646\u062d\u064a\u0641 \u0644\u0644\u062c\u064a\u0648\u0628\/\u0627\u0644\u062d\u0642\u0627\u0626\u0628.<\/p>\n<p class=\"my-2 [&amp;+p]:mt-4 [&amp;_strong:has(+br)]:inline-block [&amp;_strong:has(+br)]:pb-2\"><strong>\u062a\u064a\u0627\u0631 \u0634\u062d\u0646 \u0645\u0633\u062a\u0642\u0631\u061f<\/strong><br \/>\n3.5 \u0648\u0627\u0637 \u062b\u0627\u0628\u062a \u0628\u062f\u0648\u0646 \u062a\u0633\u062e\u064a\u0646.<\/p>\n<p class=\"my-2 [&amp;+p]:mt-4 [&amp;_strong:has(+br)]:inline-block [&amp;_strong:has(+br)]:pb-2\"><strong>\u0628\u062f\u0648\u0646 \u062a\u0637\u0628\u064a\u0642\u0627\u062a\u061f<\/strong><br \/>\n\u062a\u0634\u063a\u064a\u0644 \u0641\u0648\u0631\u064a plug-and-play.<\/p>\n","protected":false},"excerpt":{"rendered":"<table class=\"[&amp;_tr:last-child_td]:border-b-0 my-0 w-full table-auto border-separate border-spacing-0 text-sm font-sans rounded-lg [&amp;_tr:last-child_td:first-child]:rounded-bl-lg [&amp;_tr:last-child_td:last-child]:rounded-br-lg\">\n<thead class=\"\">\n<tr>\n<th class=\"border-subtlest p-sm min-w-[48px] break-normal border-b text-left align-bottom border-r last:border-r-0 font-bold bg-subtle first:border-radius-tl-lg last:border-radius-tr-lg\">\u0627\u0644\u0645\u0648\u0627\u0635\u0641\u0627\u062a<\/th>\n<th class=\"border-subtlest p-sm min-w-[48px] break-normal border-b text-left align-bottom border-r last:border-r-0 font-bold bg-subtle first:border-radius-tl-lg last:border-radius-tr-lg\">\u0627\u0644\u062a\u0641\u0627\u0635\u064a\u0644<\/th>\n<\/tr>\n<\/thead>\n<tbody>\n<tr>\n<td class=\"border-subtlest px-sm min-w-[48px] break-normal border-b border-r last:border-r-0\">\u0627\u0633\u0645 \u0627\u0644\u0645\u0646\u062a\u062c<\/td>\n<td class=\"border-subtlest px-sm min-w-[48px] break-normal border-b border-r last:border-r-0\">\u0634\u0627\u062d\u0646 \u0633\u0627\u0639\u0629 \u0631\u064a\u0633\u064a (RCW-28)<\/td>\n<\/tr>\n<tr>\n<td class=\"border-subtlest px-sm min-w-[48px] break-normal border-b border-r last:border-r-0\">\u0627\u0644\u0639\u0644\u0627\u0645\u0629 \u0627\u0644\u062a\u062c\u0627\u0631\u064a\u0629<\/td>\n<td class=\"border-subtlest px-sm min-w-[48px] break-normal border-b border-r last:border-r-0\">\u0631\u064a\u0633\u064a<\/td>\n<\/tr>\n<tr>\n<td class=\"border-subtlest px-sm min-w-[48px] break-normal border-b border-r last:border-r-0\">\u0627\u0644\u0646\u0648\u0639<\/td>\n<td class=\"border-subtlest px-sm min-w-[48px] break-normal border-b border-r last:border-r-0\">\u0634\u0627\u062d\u0646 \u0644\u0627\u0633\u0644\u0643\u064a \u0623\u0628\u0644 \u0648\u0627\u062a\u0634\u00a0<span class=\"inline-flex\" aria-label=\"Bezdr\u00e1tov\u00e1 nab\u00edje\u010dka pro Apple Watch Recci RCW-28 (3.5 ...\" data-state=\"closed\">\u200b<\/span><\/td>\n<\/tr>\n<tr>\n<td class=\"border-subtlest px-sm min-w-[48px] break-normal border-b border-r last:border-r-0\">\u0637\u0627\u0642\u0629 \u0627\u0644\u0634\u062d\u0646<\/td>\n<td class=\"border-subtlest px-sm min-w-[48px] break-normal border-b border-r last:border-r-0\">3.5 \u0648\u0627\u0637 \u0645\u063a\u0646\u0627\u0637\u064a\u0633\u064a<\/td>\n<\/tr>\n<tr>\n<td class=\"border-subtlest px-sm min-w-[48px] break-normal border-b border-r last:border-r-0\">\u0637\u0648\u0644 \u0627\u0644\u0643\u0627\u0628\u0644<\/td>\n<td class=\"border-subtlest px-sm min-w-[48px] break-normal border-b border-r last:border-r-0\">1.2 \u0645\u062a\u0631 USB<\/td>\n<\/tr>\n<tr>\n<td class=\"border-subtlest px-sm min-w-[48px] break-normal border-b border-r last:border-r-0\">\u0627\u0644\u062a\u0648\u0627\u0641\u0642<\/td>\n<td class=\"border-subtlest px-sm min-w-[48px] break-normal border-b border-r last:border-r-0\">\u0623\u0628\u0644 \u0648\u0627\u062a\u0634 \u0633\u064a\u0631\u064a\u0632 1-9\u060c SE\u060c \u0623\u0644\u062a\u0631\u0627<\/td>\n<\/tr>\n<tr>\n<td class=\"border-subtlest px-sm min-w-[48px] break-normal border-b border-r last:border-r-0\">\u0627\u0644\u0645\u0645\u064a\u0632\u0627\u062a<\/td>\n<td class=\"border-subtlest px-sm min-w-[48px] break-normal border-b border-r last:border-r-0\">\u062a\u0635\u0645\u064a\u0645 \u0645\u062f\u0645\u062c\u060c \u0634\u062d\u0646 \u0633\u0631\u064a\u0639<\/td>\n<\/tr>\n<tr>\n<td class=\"border-subtlest px-sm min-w-[48px] break-normal border-b border-r last:border-r-0\">\u0627\u0644\u0645\u0627\u062f\u0629<\/td>\n<td class=\"border-subtlest px-sm min-w-[48px] break-normal border-b border-r last:border-r-0\">\u0628\u0644\u0627\u0633\u062a\u064a\u0643 \u0645\u062a\u064a\u0646<\/td>\n<\/tr>\n<tr>\n<td class=\"border-subtlest px-sm min-w-[48px] break-normal border-b border-r last:border-r-0\">\u0627\u0644\u0644\u0648\u0646<\/td>\n<td class=\"border-subtlest px-sm min-w-[48px] break-normal border-b border-r last:border-r-0\">\u0623\u0628\u064a\u0636<\/td>\n<\/tr>\n<\/tbody>\n<\/table>\n","protected":false},"featured_media":101894,"comment_status":"open","ping_status":"closed","template":"","meta":{"_acf_changed":false},"product_brand":[2082],"product_cat":[71,2120,1980],"product_tag":[],"class_list":{"0":"post-62744","1":"product","2":"type-product","3":"status-publish","4":"has-post-thumbnail","6":"product_brand-recci","7":"product_cat-71","8":"product_cat-2120","9":"product_cat-1980","11":"first","12":"instock","13":"sale","14":"taxable","15":"shipping-taxable","16":"purchasable","17":"product-type-simple"},"acf":[],"jetpack_sharing_enabled":true,"_links":{"self":[{"href":"https:\/\/ehabgroup.com\/ar\/wp-json\/wp\/v2\/product\/62744","targetHints":{"allow":["GET"]}}],"collection":[{"href":"https:\/\/ehabgroup.com\/ar\/wp-json\/wp\/v2\/product"}],"about":[{"href":"https:\/\/ehabgroup.com\/ar\/wp-json\/wp\/v2\/types\/product"}],"replies":[{"embeddable":true,"href":"https:\/\/ehabgroup.com\/ar\/wp-json\/wp\/v2\/comments?post=62744"}],"version-history":[{"count":0,"href":"https:\/\/ehabgroup.com\/ar\/wp-json\/wp\/v2\/product\/62744\/revisions"}],"wp:featuredmedia":[{"embeddable":true,"href":"https:\/\/ehabgroup.com\/ar\/wp-json\/wp\/v2\/media\/101894"}],"wp:attachment":[{"href":"https:\/\/ehabgroup.com\/ar\/wp-json\/wp\/v2\/media?parent=62744"}],"wp:term":[{"taxonomy":"product_brand","embeddable":true,"href":"https:\/\/ehabgroup.com\/ar\/wp-json\/wp\/v2\/product_brand?post=62744"},{"taxonomy":"product_cat","embeddable":true,"href":"https:\/\/ehabgroup.com\/ar\/wp-json\/wp\/v2\/product_cat?post=62744"},{"taxonomy":"product_tag","embeddable":true,"href":"https:\/\/ehabgroup.com\/ar\/wp-json\/wp\/v2\/product_tag?post=62744"}],"curies":[{"name":"wp","href":"https:\/\/api.w.org\/{rel}","templated":true}]}}